{"id":1577,"date":"2023-07-12T10:37:39","date_gmt":"2023-07-12T10:37:39","guid":{"rendered":"https:\/\/www.atunsa.com\/aviso-legal\/"},"modified":"2024-05-13T08:26:35","modified_gmt":"2024-05-13T08:26:35","slug":"avis-juridique","status":"publish","type":"page","link":"https:\/\/www.atunsa.com\/fr\/avis-juridique\/","title":{"rendered":"Avis juridique"},"content":{"rendered":"<section class=\"l-section wpb_row us_custom_6df4bc3a has_text_color height_huge\"><div class=\"l-section-overlay\" style=\"background:#021f38\"><\/div><div class=\"l-section-h i-cf\"><div class=\"g-cols vc_row via_grid cols_1 laptops-cols_inherit tablets-cols_inherit mobiles-cols_1 valign_top type_default stacking_default\"><div class=\"wpb_column vc_column_container\"><div class=\"vc_column-inner\"><div class=\"wpb_text_column\"><div class=\"wpb_wrapper\"><h1 style=\"text-align: center;\"><strong>Mentions l\u00e9gales<\/strong><\/h1>\n<p>\u00a0 \u00a0 \u00a0 <strong>\u00a01. Coordonn\u00e9es du responsable<\/strong><\/p>\n<p>Conform\u00e9ment \u00e0 l&#8217;article 10 de la loi 34\/2002, du 11 juillet, sur les services de la soci\u00e9t\u00e9 de l&#8217;information et le commerce \u00e9lectronique, les donn\u00e9es d&#8217;identification du responsable sont les suivantes.<\/p>\n<p>Nom de la soci\u00e9t\u00e9 : ATUNEROS CONGELADORES Y TRANSPORTES FRIGORIFICOS SA<br \/>C.I.F.\/N.I.F. : <strong>A48064018<\/strong><br \/>Si\u00e8ge social : Pol. Ind. Landabaso B, 48370 Bermeo ( Bizkaia)<br \/>Inscrite au registre du commerce de Biscaye, volume 662, folio 125, section 8\u00aa, page BI 4197. <br \/>T\u00e9l\u00e9phone :<strong> 946186200<\/strong><br \/>Courrier \u00e9lectronique : atunsa@atunsa.com<\/p>\n<p>\u00a0 \u00a0 \u00a0 <strong>\u00a02. Droits de propri\u00e9t\u00e9 intellectuelle<\/strong><\/p>\n<p>Le code source, la conception graphique, les images, les photographies, les sons, les animations, les logiciels, les textes, ainsi que les informations et les contenus inclus dans ce site Web sont prot\u00e9g\u00e9s par la l\u00e9gislation espagnole sur les droits de propri\u00e9t\u00e9 intellectuelle et industrielle en faveur d&#8217;ATUNEROS CONGELADORES Y TRANSPORTES FRIGORIFICOS SA et ne peuvent \u00eatre reproduits et\/ou publi\u00e9s, La reproduction et\/ou la publication, totale ou partielle, du site web, ainsi que son traitement informatique, sa distribution, sa diffusion, sa modification, sa transformation ou sa d\u00e9compilation, ou tout autre droit l\u00e9galement reconnu comme appartenant \u00e0 son propri\u00e9taire, sont interdits sans l&#8217;autorisation \u00e9crite pr\u00e9alable d&#8217;ATUNEROS CONGELADORES Y TRANSPORTES FRIGORIFICOS SA.<br \/>L&#8217;utilisateur, uniquement et exclusivement, peut utiliser le mat\u00e9riel qui appara\u00eet sur ce site web pour son usage personnel et priv\u00e9, et son utilisation \u00e0 des fins commerciales ou pour des activit\u00e9s ill\u00e9gales est interdite. Tous les droits de propri\u00e9t\u00e9 intellectuelle sont express\u00e9ment r\u00e9serv\u00e9s par ATUNEROS CONGELADORES Y TRANSPORTES FRIGORIFICOS SA.<\/p>\n<p>ATUNEROS CONGELADORES Y TRANSPORTES FRIGORIFICOS SA veillera au respect des conditions susmentionn\u00e9es, ainsi qu&#8217;\u00e0 l&#8217;utilisation correcte des contenus pr\u00e9sent\u00e9s sur son site Web, en prenant les mesures civiles ou p\u00e9nales pertinentes en cas d&#8217;infraction ou de non-respect de ces droits par l&#8217;utilisateur.<\/p>\n<p>\u00a0 \u00a0 \u00a0 <strong>\u00a03. Protection des donn\u00e9es personnelles<\/strong><\/p>\n<p>Vous trouverez des informations d\u00e9taill\u00e9es sur le traitement de vos donn\u00e9es dans la section &#8220;D\u00e9claration de confidentialit\u00e9 \u00e9tendue&#8221; de ce site web.<\/p>\n<p>\u00a0 \u00a0 \u00a0 <strong>\u00a0Divers<\/strong><\/p>\n<p><strong>A.<\/strong>&#8211; ATUNEROS CONGELADORES Y TRANSPORTES FRIGORIFICOS SA peut modifier, sans pr\u00e9avis, les informations contenues dans son site web, ainsi que ses param\u00e8tres et sa pr\u00e9sentation.<\/p>\n<p><strong>B.<\/strong>&#8211; ATUNEROS CONGELADORES Y TRANSPORTES FRIGORIFICOS SA s&#8217;engage \u00e0 NE PAS FAIRE DE PUBLICIT\u00c9 MENSONG\u00c8RE. \u00c0 cet effet, la publicit\u00e9 mensong\u00e8re n&#8217;inclut pas les erreurs formelles ou num\u00e9riques qui peuvent se trouver dans les diff\u00e9rentes sections du site web d&#8217;ATUNEROS CONGELADORES Y TRANSPORTES FRIGORIFICOS SA, caus\u00e9es par une maintenance ou une mise \u00e0 jour incompl\u00e8te ou d\u00e9fectueuse de l&#8217;information contenue dans ces sections. ATUNEROS CONGELADORES Y TRANSPORTES FRIGORIFICOS SA, conform\u00e9ment au pr\u00e9sent paragraphe, s&#8217;engage \u00e0 corriger ces d\u00e9fauts d\u00e8s qu&#8217;elle en a connaissance.<\/p>\n<p><strong>C.<\/strong>&#8211; ATUNEROS CONGELADORES Y TRANSPORTES FRIGORIFICOS SA s&#8217;engage \u00e0 NE PAS ENVOYER DE CORRESPONDANCE PUBLICITAIRE SANS L&#8217;IDENTIFIER COMME TELLE, conform\u00e9ment \u00e0 la loi 34\/2002 sur les services de la soci\u00e9t\u00e9 de l&#8217;information et du commerce \u00e9lectronique. \u00c0 cet effet, aucune information envoy\u00e9e aux parties int\u00e9ress\u00e9es ne sera consid\u00e9r\u00e9e comme une communication commerciale si son objet est de maintenir la relation existante, ainsi que de r\u00e9aliser les t\u00e2ches d&#8217;information et autres activit\u00e9s de l&#8217;entit\u00e9.<\/p>\n<p><strong>D.<\/strong>&#8211; ATUNEROS CONGELADORES Y TRANSPORTES FRIGORIFICOS SA n&#8217;est pas responsable du non-respect de toute norme applicable par l&#8217;utilisateur lors de l&#8217;acc\u00e8s \u00e0 ce site web et\/ou de l&#8217;utilisation des informations qu&#8217;il contient.<\/p>\n<p><strong>E.<\/strong>&#8211; ATUNEROS CONGELADORES Y TRANSPORTES FRIGORIFICOS SA ne sera pas responsable des dommages, quelle qu&#8217;en soit la nature, d\u00e9riv\u00e9s de l&#8217;utilisation des informations, des contenus de ce site web et des programmes qui y sont inclus. Les liens et hypertextes qui, \u00e0 travers ce site, permettent \u00e0 l&#8217;utilisateur d&#8217;acc\u00e9der \u00e0 des fonctionnalit\u00e9s et services offerts par des tiers, n&#8217;appartiennent pas et ne sont pas sous le contr\u00f4le d&#8217;ATUNEROS CONGELADORES Y TRANSPORTES FRIGORIFICOS SA ; l&#8217;entreprise n&#8217;est pas responsable de l&#8217;information contenue dans ces derniers ni de tout effet pouvant d\u00e9river de cette information.<\/p>\n<p><strong>F.<\/strong>&#8211; ATUNEROS CONGELADORES Y TRANSPORTES FRIGORIFICOS SA n&#8217;est pas responsable de l&#8217;utilisation ill\u00e9gitime que des tiers pourraient faire des marques, des noms de produits et des noms commerciaux qui ne sont pas la propri\u00e9t\u00e9 d&#8217;ATUNEROS CONGELADORES Y TRANSPORTES FRIGORIFICOS SA et qui apparaissent sur ce site web. Elle n&#8217;est pas non plus responsable de l&#8217;int\u00e9grit\u00e9, de la v\u00e9racit\u00e9 et de la l\u00e9galit\u00e9 des contenus des liens web auxquels il est possible d&#8217;acc\u00e9der \u00e0 partir de ce site.<\/p>\n<p><strong>G.<\/strong>&#8211; En r\u00e9sum\u00e9, l&#8217;Utilisateur est seul responsable de l&#8217;usage qu&#8217;il fait des services, des contenus, des liens et des hypertextes inclus dans ce site web.<\/p>\n<\/div><\/div><div class=\"w-separator size_medium\"><\/div><\/div><\/div><\/div><\/div><\/section>\n","protected":false},"excerpt":{"rendered":"Mentions l\u00e9gales \u00a0 \u00a0 \u00a0 \u00a01. Coordonn\u00e9es du responsable Conform\u00e9ment \u00e0 l&#8217;article 10 de la loi 34\/2002, du 11 juillet, sur les services de la soci\u00e9t\u00e9 de l&#8217;information et le commerce \u00e9lectronique, les donn\u00e9es d&#8217;identification du responsable sont les suivantes. Nom de la soci\u00e9t\u00e9 : ATUNEROS CONGELADORES Y TRANSPORTES FRIGORIFICOS SAC.I.F.\/N.I.F. : A48064018Si\u00e8ge social :...","protected":false},"author":1,"featured_media":0,"parent":0,"menu_order":0,"comment_status":"closed","ping_status":"closed","template":"","meta":{"_acf_changed":false,"footnotes":""},"class_list":["post-1577","page","type-page","status-publish","hentry"],"acf":[],"_links":{"self":[{"href":"https:\/\/www.atunsa.com\/fr\/wp-json\/wp\/v2\/pages\/1577","targetHints":{"allow":["GET"]}}],"collection":[{"href":"https:\/\/www.atunsa.com\/fr\/wp-json\/wp\/v2\/pages"}],"about":[{"href":"https:\/\/www.atunsa.com\/fr\/wp-json\/wp\/v2\/types\/page"}],"author":[{"embeddable":true,"href":"https:\/\/www.atunsa.com\/fr\/wp-json\/wp\/v2\/users\/1"}],"replies":[{"embeddable":true,"href":"https:\/\/www.atunsa.com\/fr\/wp-json\/wp\/v2\/comments?post=1577"}],"version-history":[{"count":6,"href":"https:\/\/www.atunsa.com\/fr\/wp-json\/wp\/v2\/pages\/1577\/revisions"}],"predecessor-version":[{"id":1950,"href":"https:\/\/www.atunsa.com\/fr\/wp-json\/wp\/v2\/pages\/1577\/revisions\/1950"}],"wp:attachment":[{"href":"https:\/\/www.atunsa.com\/fr\/wp-json\/wp\/v2\/media?parent=1577"}],"curies":[{"name":"wp","href":"https:\/\/api.w.org\/{rel}","templated":true}]}}