{"id":1276,"date":"2021-08-20T07:35:04","date_gmt":"2021-08-20T07:35:04","guid":{"rendered":"https:\/\/www.atunsa.com\/politica-privacidad\/"},"modified":"2026-03-11T10:57:54","modified_gmt":"2026-03-11T10:57:54","slug":"politique-de-confidentialite","status":"publish","type":"page","link":"https:\/\/www.atunsa.com\/fr\/politique-de-confidentialite\/","title":{"rendered":"Politique de confidentialit\u00e9"},"content":{"rendered":"<section class=\"l-section wpb_row us_custom_6df4bc3a has_text_color height_huge\"><div class=\"l-section-overlay\" style=\"background:#021f38\"><\/div><div class=\"l-section-h i-cf\"><div class=\"g-cols vc_row via_grid cols_1 laptops-cols_inherit tablets-cols_inherit mobiles-cols_1 valign_middle type_default stacking_default\" style=\"--columns-gap:;\"><div class=\"wpb_column vc_column_container\"><div class=\"vc_column-inner\"><div class=\"wpb_text_column\"><div class=\"wpb_wrapper\"><p><strong>\u00a0<\/strong><strong><u>Politique de confidentialit\u00e9<\/u><\/strong><\/p>\n<p><strong>\u00a0<\/strong><\/p>\n<ol>\n<li><strong> &#8211; QUI EST RESPONSABLE DU TRAITEMENT DE VOS DONN\u00c9ES ?<\/strong><\/li>\n<\/ol>\n<p><strong>\u00a0<\/strong><\/p>\n<p>Nom : <strong>ATUNEROS FREEZERES Y TRANSPORTES FRIGOR\u00cdFICOS SA<\/strong><\/p>\n<p>C.I.F.\/N.I.F. : <strong>\u00a0\u00a0A48064018<\/strong><\/p>\n<p>Bureau enregistr\u00e9 : <strong>Pol. Ind. Landabaso B<\/strong><em>, <\/em><strong>48370 Bermeo (Bizkaia)<\/strong><\/p>\n<p>Inscrit au Registre des Affaires de Bizkaia, Feuille BI 4197, Folio 124, Volume 662, Section 8.<\/p>\n<p>T\u00e9l\u00e9phone : <strong>946186200<\/strong><\/p>\n<p>Email : <strong>atunsa@atunsa.com<\/strong><\/p>\n<p><strong>\u00a0<\/strong><\/p>\n<ol start=\"2\">\n<li><strong> &#8211; \u00c0 QUEL BUT TRAITONS-NOUS VOS DONN\u00c9ES PERSONNELLES ? <\/strong><\/li>\n<\/ol>\n<p><strong>\u00a0<\/strong><\/p>\n<p>Conform\u00e9ment aux dispositions du R\u00e8glement europ\u00e9en 679\/2016 et de la Loi organique 3\/2018 du 5 d\u00e9cembre sur la protection des donn\u00e9es personnelles et la garantie des droits num\u00e9riques, nous vous informons que les donn\u00e9es personnelles que vous nous fournissez ainsi que celles g\u00e9n\u00e9r\u00e9es lors du d\u00e9veloppement de la relation avec vous sont trait\u00e9es aux fins suivantes :<\/p>\n<p>&nbsp;<\/p>\n<ul>\n<li><strong>1. Donn\u00e9es fournies via les formulaires de contact :<\/strong><\/li>\n<\/ul>\n<p><strong>\u00a0<\/strong><\/p>\n<ul>\n<li>Pour g\u00e9rer, traiter et r\u00e9pondre \u00e0 vos demandes, requ\u00eates, incidents ou questions.<\/li>\n<li>L&#8217;offre de produits et services.<\/li>\n<li>R\u00e9aliser des analyses sur l&#8217;utilisation du site web et v\u00e9rifier les pr\u00e9f\u00e9rences et comportements des utilisateurs.<\/li>\n<\/ul>\n<p>&nbsp;<\/p>\n<ul>\n<li><strong>2. Donn\u00e9es fournies pour participer aux processus de s\u00e9lection du personnel ou aux candidatures spontan\u00e9es :<\/strong><\/li>\n<\/ul>\n<p><strong>\u00a0<\/strong><\/p>\n<ul>\n<li>\u00c9valuez votre candidature dans la s\u00e9lection du personnel<\/li>\n<\/ul>\n<p>&nbsp;<\/p>\n<ol start=\"3\">\n<li><strong> &#8211; COMBIEN DE TEMPS ALLONS-NOUS GARDER VOS DONN\u00c9ES ? <\/strong><\/li>\n<\/ol>\n<p><strong>\u00a0<\/strong><\/p>\n<p>Les donn\u00e9es personnelles fournies seront conserv\u00e9es tant que leur suppression n&#8217;est pas demand\u00e9e par la partie int\u00e9ress\u00e9e, ou par toute personne qui agit l\u00e9galement en tant que repr\u00e9sentant l\u00e9gal et que cela est appropri\u00e9, et tant qu&#8217;elles sont n\u00e9cessaires \u2013 y compris la n\u00e9cessit\u00e9 de les conserver pendant les d\u00e9lais de prescription applicables \u2013 ou pertinentes pour l&#8217;objectif pour lequel elles ont \u00e9t\u00e9 collect\u00e9es ou enregistr\u00e9es.<\/p>\n<p>&nbsp;La conservation des donn\u00e9es sera conditionn\u00e9e \u00e0 l&#8217;obligation l\u00e9gale que ATUNEROS CONGELAS Y TRANSPORTES FRIGORIFICOS SA doit les conserver. Une fois ces p\u00e9riodes \u00e9coul\u00e9es, les donn\u00e9es seront d\u00e9truites ou supprim\u00e9es, et les informations contenues dans les m\u00e9dias ne seront pas r\u00e9cup\u00e9r\u00e9es.<\/p>\n<p>&nbsp;<\/p>\n<ol start=\"4\">\n<li><strong> &#8211; QUELLES SONT LES CAUSES QUI L\u00c9GITIMENT LE TRAITEMENT DE VOS DONN\u00c9ES PERSONNELLES ?<\/strong><\/li>\n<\/ol>\n<p>&nbsp;La base l\u00e9gale du traitement de vos donn\u00e9es est le consentement donn\u00e9 par la personne concern\u00e9e. Cela s&#8217;obtient express\u00e9ment et sans \u00e9quivoque en remplissant et, le cas \u00e9ch\u00e9ant, en envoyant les documents papier ou \u00e9lectroniques et formulaires dans lesquels vos donn\u00e9es sont collect\u00e9es. Dans tous les documents de l&#8217;entit\u00e9, utilis\u00e9s pour collecter des donn\u00e9es \u00e0 des fins diverses, il existe des clauses informatives conform\u00e9ment aux dispositions du r\u00e8glement sur la protection des donn\u00e9es et le consentement est express\u00e9ment exprim\u00e9 par la signature de la partie int\u00e9ress\u00e9e ou par l&#8217;envoi des formulaires existants sur le site web.<\/p>\n<p>&nbsp;Le traitement est \u00e9galement l\u00e9gitime lorsqu&#8217;il est n\u00e9cessaire pour l&#8217;ex\u00e9cution d&#8217;un contrat, ou la fourniture d&#8217;un service fourni aux parties int\u00e9ress\u00e9es, auxquelles elles sont parties, ou pour l&#8217;application de mesures pr\u00e9contractuelles \u00e0 leur demande (art. 6.1.a et b RGPD).<\/p>\n<p>Ilest \u00e9galement l\u00e9gitime de se conformer aux obligations l\u00e9gales auxquelles la personne responsable est tenue et de satisfaire des int\u00e9r\u00eats l\u00e9gitimes, \u00e0 condition que les int\u00e9r\u00eats ou droits fondamentaux des parties int\u00e9ress\u00e9es ne pr\u00e9valent pas sur eux.<\/p>\n<p>&nbsp;<\/p>\n<ol start=\"5\">\n<li><strong> &#8211; \u00c0 QUI VOS DONN\u00c9ES PERSONNELLES SERONT-ELLES TRANSF\u00c9R\u00c9ES ?<\/strong><\/li>\n<\/ol>\n<p>&nbsp;Vos donn\u00e9es ne seront transf\u00e9r\u00e9es \u00e0 aucune entit\u00e9 sans votre consentement, sauf pour les transferts pr\u00e9vus par la loi ; en ce sens, votre consentement expresse sera demand\u00e9 pour le transfert de vos donn\u00e9es \u00e0 toute autre entit\u00e9.<\/p>\n<p>En raison de la gestion des fins autoris\u00e9es, vos donn\u00e9es peuvent \u00eatre communiqu\u00e9es \u00e0 des entit\u00e9s ou personnes directement li\u00e9es \u00e0 ATUNEROS FREEZERES Y TRANSPORTES FRIGORIFICOS SA ainsi qu&#8217;aux services qu&#8217;elle fournit. De m\u00eame, vos informations personnelles seront disponibles pour les administrations publiques, les juges et les tribunaux, pour l&#8217;attention des \u00e9ventuelles responsabilit\u00e9s li\u00e9es au traitement et \u00e0 condition que ces transferts soient prot\u00e9g\u00e9s par la loi.<\/p>\n<p>Vos donn\u00e9es peuvent \u00e9galement \u00eatre transf\u00e9r\u00e9es \u00e0 des entreprises qui nous fournissent des services de conseil, de maintenance informatique, de marketing, de formation ou d&#8217;audit. Ces entit\u00e9s n&#8217;ont acc\u00e8s qu&#8217;aux informations personnelles n\u00e9cessaires \u00e0 la r\u00e9alisation de tels services, ce qui leur impose par le biais d&#8217;un accord de \u00ab traitement des donn\u00e9es \u00bb pour maintenir la confidentialit\u00e9, ne pas pouvoir utiliser ces informations \u00e0 d&#8217;autres fins et prendre des mesures pour garantir l&#8217;int\u00e9grit\u00e9 et la disponibilit\u00e9 de ces informations.<\/p>\n<p>Les transferts internationaux de donn\u00e9es hors de l&#8217;Union europ\u00e9enne ou vers des entit\u00e9s ne respectant pas les normes de protection des donn\u00e9es \u00e9tablies par le r\u00e8glement europ\u00e9en 679\/2016 ne sont pas pr\u00e9vus.<\/p>\n<p>&nbsp;Les donn\u00e9es personnelles trait\u00e9es par ATUNEROS FREEZERES Y TRANSPORTES FRIGORIFICOS SA sont fournies par la personne concern\u00e9e ou obtenues aupr\u00e8s de sources accessibles au public<\/p>\n<p><strong>\u00a0<\/strong><\/p>\n<ol start=\"6\">\n<li><strong> &#8211; QUELLES CAT\u00c9GORIES DE DONN\u00c9ES TRAITONS-NOUS ? <\/strong><\/li>\n<\/ol>\n<p>&nbsp;Les donn\u00e9es trait\u00e9es sont celles n\u00e9cessaires \u00e0 l&#8217;accomplissement des fins autoris\u00e9es par l&#8217;utilisateur.<\/p>\n<p>&nbsp;<\/p>\n<ul>\n<li><strong>1. Donn\u00e9es fournies via les formulaires de contact :<\/strong><\/li>\n<\/ul>\n<p><strong>\u00a0<\/strong><\/p>\n<ul>\n<li>Donn\u00e9es d&#8217;identification : nom et nom de famille.<\/li>\n<li>Coordonn\u00e9es : adresse e-mail.<\/li>\n<li>Navigation des donn\u00e9es.<\/li>\n<\/ul>\n<p>&nbsp;<\/p>\n<ul>\n<li><strong>2. Donn\u00e9es fournies pour participer aux processus de s\u00e9lection du personnel ou aux candidatures spontan\u00e9es :<\/strong><\/li>\n<\/ul>\n<p><strong>\u00a0<\/strong><\/p>\n<ul>\n<li>Donn\u00e9es d&#8217;identification : nom et nom de famille.<\/li>\n<li>Coordonn\u00e9es : adresse e-mail.<\/li>\n<li>Navigation des donn\u00e9es.<\/li>\n<li>Toute autre option est pr\u00e9vue dans le programme.<\/li>\n<\/ul>\n<p>&nbsp;Dans le cas o\u00f9 l&#8217;utilisateur fournit des donn\u00e9es d&#8217;autres personnes, il d\u00e9clare avoir son consentement et s&#8217;engage \u00e0 lui transf\u00e9rer les informations contenues dans la Politique de confidentialit\u00e9.<\/p>\n<p><strong>\u00a0<\/strong><\/p>\n<ol start=\"7\">\n<li><strong> &#8211; QUELS SONT VOS DROITS ? <\/strong><\/li>\n<\/ol>\n<p><strong>\u00a0<\/strong><\/p>\n<p>Toute personne a le droit d&#8217;obtenir une confirmation quant au fait que ATUNEROS FREEZERES Y TRANSPORTES FRIGORIFICOS SA traite ou non des donn\u00e9es personnelles \u00e0 son sujet.<\/p>\n<p>&nbsp;Les personnes concern\u00e9es ont le droit d&#8217;acc\u00e9der \u00e0 leurs donn\u00e9es personnelles et d&#8217;obtenir une copie des donn\u00e9es personnelles trait\u00e9es, de les mettre \u00e0 jour, ainsi que de demander la rectification de donn\u00e9es inexactes ou, le cas \u00e9ch\u00e9ant, de demander leur suppression lorsque, entre autres raisons, les donn\u00e9es ne sont plus n\u00e9cessaires aux fins pour lesquelles elles ont \u00e9t\u00e9 collect\u00e9es.<\/p>\n<p>&nbsp;Dans certaines circonstances et pour des raisons li\u00e9es \u00e0 leur situation particuli\u00e8re, les personnes concern\u00e9es peuvent s&#8217;opposer au traitement de leurs donn\u00e9es. ATUNEROS FREEZERES Y TRANSPORTES FRIGORIFICOS SA cessera de traiter les donn\u00e9es, sauf pour des raisons l\u00e9gitimes imp\u00e9rieuses ou pour l&#8217;exercice ou la d\u00e9fense d&#8217;\u00e9ventuelles revendications.<\/p>\n<p>&nbsp;De plus, dans certaines circonstances, pr\u00e9vues \u00e0 l&#8217;article 18 du RGPD, les parties int\u00e9ress\u00e9es peuvent demander la limitation du traitement de leurs donn\u00e9es, auquel cas ATUNEROS FREEZERES Y TRANSPORTES FRIGORIFICOS SA les traitera, \u00e0 l&#8217;exception de leur stockage, avec le consentement de la partie int\u00e9ress\u00e9e ou pour la formulation, l&#8217;exercice ou la d\u00e9fense de leurs revendications,\u00a0\u00a0 ou en vue de prot\u00e9ger les droits d&#8217;une autre personne physique ou morale, ou pour des raisons d&#8217;int\u00e9r\u00eat public de l&#8217;Union ou d&#8217;un \u00c9tat membre particulier.<\/p>\n<p>&nbsp;Dans le cas o\u00f9 cela s&#8217;appliquerait, en raison de l&#8217;application du droit d&#8217;effacement ou de l&#8217;opposition au traitement des donn\u00e9es personnelles dans l&#8217;environnement en ligne, les parties int\u00e9ress\u00e9es ont le droit d&#8217;\u00eatre oubli\u00e9es selon la jurisprudence de la Cour de justice de l&#8217;UE.<\/p>\n<p>&nbsp;En vertu du droit \u00e0 la portabilit\u00e9, les personnes concern\u00e9es ont le droit d&#8217;obtenir les donn\u00e9es personnelles les concernant dans un format structur\u00e9, couramment utilis\u00e9 et lisible par machine, et de les transmettre \u00e0 un autre contr\u00f4leur.<\/p>\n<p>&nbsp;Toute personne concern\u00e9e a le droit de ne pas \u00eatre soumise \u00e0 une d\u00e9cision fond\u00e9e uniquement sur un traitement automatis\u00e9, y compris le profilage, qui lui entra\u00eene des effets juridiques ou qui l&#8217;affecte de mani\u00e8re significative de mani\u00e8re similaire, sauf exceptions pr\u00e9vues \u00e0 l&#8217;article 22.1 du RGPD.<\/p>\n<p>&nbsp;La personne concern\u00e9e a le droit de voir ses donn\u00e9es supprim\u00e9es, en raison de la disparition de l&#8217;objet ayant motiv\u00e9 le traitement ou la collecte, par r\u00e9vocation du consentement lorsque c&#8217;est celui qui l\u00e9gitime le traitement, ou pour les autres raisons contenues \u00e0 l&#8217;article 17 du RGPD. La suppression sera effectu\u00e9e en proc\u00e9dant \u00e0 l&#8217;effacement de haut niveau des donn\u00e9es contenues dans les supports automatis\u00e9s et \u00e0 la destruction physique des supports non automatis\u00e9s<\/p>\n<p>&nbsp;<\/p>\n<ol start=\"8\">\n<li><strong> &#8211; COMMENT LES DROITS PEUVENT-ILS \u00caTRE EXERC\u00c9S ?<\/strong><\/li>\n<\/ol>\n<p><strong>\u00a0<\/strong><\/p>\n<p>En \u00e9crivant aux adresses indiqu\u00e9es dans l&#8217;en-t\u00eate, indiquant le droit demand\u00e9. Parfois, afin de prouver l&#8217;identit\u00e9 du demandeur, la pr\u00e9sentation de la carte d&#8217;identit\u00e9 ou d&#8217;un autre document \u00e9quivalent l&#8217;identifiant peut \u00eatre demand\u00e9e.<\/p>\n<p>&nbsp;<\/p>\n<ol start=\"9\">\n<li><strong> &#8211; QUELLES SONT LES FA\u00c7ONS DE FAIRE UNE R\u00c9CLAMATION ?<\/strong><\/li>\n<\/ol>\n<p><strong>\u00a0<\/strong><\/p>\n<p>Si vous estimez que vos droits n&#8217;ont pas \u00e9t\u00e9 d\u00fbment pris en compte, vous avez le droit de d\u00e9poser une plainte aupr\u00e8s de l&#8217;Agence espagnole de protection des donn\u00e9es, dont les coordonn\u00e9es sont : T\u00e9l\u00e9phones : 901 100 099 91.266.35.17 Adresse postale : C\/ Jorge Juan, 6 Madrid.<\/p>\n<\/div><\/div><\/div><\/div><\/div><\/div><\/section><section class=\"l-section wpb_row us_custom_6df4bc3a has_text_color height_huge\"><div class=\"l-section-overlay\" style=\"background:#021f38\"><\/div><div class=\"l-section-h i-cf\"><div class=\"g-cols vc_row via_grid cols_1 laptops-cols_inherit tablets-cols_inherit mobiles-cols_1 valign_middle type_default stacking_default\" style=\"--columns-gap:;\"><div class=\"wpb_column vc_column_container\"><div class=\"vc_column-inner\"><\/div><\/div><\/div><\/div><\/section>\n","protected":false},"excerpt":{"rendered":"\u00a0Politique de confidentialit\u00e9 \u00a0 &#8211; QUI EST RESPONSABLE DU TRAITEMENT DE VOS DONN\u00c9ES ? \u00a0 Nom : ATUNEROS FREEZERES Y TRANSPORTES FRIGOR\u00cdFICOS SA C.I.F.\/N.I.F. : \u00a0\u00a0A48064018 Bureau enregistr\u00e9 : Pol. Ind. Landabaso B, 48370 Bermeo (Bizkaia) Inscrit au Registre des Affaires de Bizkaia, Feuille BI 4197, Folio 124, Volume 662, Section 8. T\u00e9l\u00e9phone : 946186200...","protected":false},"author":1,"featured_media":0,"parent":0,"menu_order":0,"comment_status":"closed","ping_status":"open","template":"","meta":{"_acf_changed":false,"footnotes":""},"class_list":["post-1276","page","type-page","status-publish","hentry"],"acf":[],"_links":{"self":[{"href":"https:\/\/www.atunsa.com\/fr\/wp-json\/wp\/v2\/pages\/1276","targetHints":{"allow":["GET"]}}],"collection":[{"href":"https:\/\/www.atunsa.com\/fr\/wp-json\/wp\/v2\/pages"}],"about":[{"href":"https:\/\/www.atunsa.com\/fr\/wp-json\/wp\/v2\/types\/page"}],"author":[{"embeddable":true,"href":"https:\/\/www.atunsa.com\/fr\/wp-json\/wp\/v2\/users\/1"}],"replies":[{"embeddable":true,"href":"https:\/\/www.atunsa.com\/fr\/wp-json\/wp\/v2\/comments?post=1276"}],"version-history":[{"count":11,"href":"https:\/\/www.atunsa.com\/fr\/wp-json\/wp\/v2\/pages\/1276\/revisions"}],"predecessor-version":[{"id":2388,"href":"https:\/\/www.atunsa.com\/fr\/wp-json\/wp\/v2\/pages\/1276\/revisions\/2388"}],"wp:attachment":[{"href":"https:\/\/www.atunsa.com\/fr\/wp-json\/wp\/v2\/media?parent=1276"}],"curies":[{"name":"wp","href":"https:\/\/api.w.org\/{rel}","templated":true}]}}