{"id":1273,"date":"2022-06-28T11:05:02","date_gmt":"2022-06-28T11:05:02","guid":{"rendered":"https:\/\/www.atunsa.com\/politica-de-cookies\/"},"modified":"2024-05-15T07:19:21","modified_gmt":"2024-05-15T07:19:21","slug":"politique-de-cookies","status":"publish","type":"page","link":"https:\/\/www.atunsa.com\/fr\/politique-de-cookies\/","title":{"rendered":"Politique de cookies"},"content":{"rendered":"<section class=\"l-section wpb_row us_custom_6df4bc3a has_text_color height_huge\"><div class=\"l-section-overlay\" style=\"background:#021f38\"><\/div><div class=\"l-section-h i-cf\"><div class=\"g-cols vc_row via_grid cols_1 laptops-cols_inherit tablets-cols_inherit mobiles-cols_1 valign_top type_default stacking_default\"><div class=\"wpb_column vc_column_container\"><div class=\"vc_column-inner\"><div class=\"wpb_text_column us_custom_6df4bc3a has_text_color\"><div class=\"wpb_wrapper\"><p><strong><u>Politique de cookies<\/u><\/strong><\/p>\n<p>ATUNEROS FREEZERS Y TRANSPORTES FRIGORIFICOS SA informe de l&#8217;utilisation des cookies sur son site web : www.atunsa.com<\/p>\n<ul>\n<li>D\u00c9FINITION ET FONCTION G\u00c9N\u00c9RIQUE DES COOKIES<\/li>\n<\/ul>\n<p><strong>Que sont les cookies ? <\/strong><\/p>\n<p>Ce site Web utilise des cookies et\/ou des technologies similaires qui stockent et r\u00e9cup\u00e8rent des informations aupr\u00e8s de ceux qui naviguent sur notre site Web. Un cookie est un petit fichier texte qui est stock\u00e9 dans le navigateur utilis\u00e9 et dont le but principal est de se souvenir de ceux qui ont d\u00e9j\u00e0 visit\u00e9 la page, de permettre ou de faciliter la navigation, de stocker des informations sur leurs pr\u00e9f\u00e9rences, d&#8217;analyser la fa\u00e7on dont ils interagissent ou de mesurer l&#8217;utilisation faite des services fournis \u00e0 partir du site web et de pouvoir les am\u00e9liorer. Parfois, ils seront \u00e9galement utilis\u00e9s pour pouvoir vous montrer de la publicit\u00e9 en fonction de vos habitudes de navigation et de votre profil.<\/p>\n<p>En g\u00e9n\u00e9ral, les cookies peuvent \u00eatre utilis\u00e9s \u00e0 des fins tr\u00e8s diverses, telles que la reconnaissance de l&#8217;utilisateur, l&#8217;obtention d&#8217;informations sur vos habitudes de navigation ou la personnalisation de la mani\u00e8re dont le contenu est affich\u00e9.<\/p>\n<p><strong>Pourquoi les cookies ne sont-ils PAS utilis\u00e9s sur ce site web ? <\/strong><\/p>\n<p>Nous ne stockons pas d&#8217;informations personnelles sensibles telles que votre adresse, votre mot de passe, les d\u00e9tails de votre carte de cr\u00e9dit ou de d\u00e9bit, etc., dans les cookies que nous utilisons.<\/p>\n<p>Nos utilisations sp\u00e9cifiques de ces technologies sont d\u00e9crites ci-dessous.<\/p>\n<ul>\n<li>INFORMATIONS SUR LE TYPE DE COOKIES UTILIS\u00c9S ET LEUR FINALIT\u00c9<\/li>\n<\/ul>\n<p>Conform\u00e9ment aux dispositions de la loi sur les services de la soci\u00e9t\u00e9 de l&#8217;information et du commerce \u00e9lectronique et conform\u00e9ment aux directives \u00e9tablies par l&#8217;Agence espagnole de protection des donn\u00e9es, nous vous informons dans la section suivante des cookies existants sur notre site web<\/p>\n<ul>\n<li>IDENTIFICATION DE LA PERSONNE UTILISANT LES COOKIES.<\/li>\n<\/ul>\n<p>Selon les personnes qui utiliseront les cookies, il peut s&#8217;agir de cookies propri\u00e9taires ou tiers<\/p>\n<p>\u00a0\u00a0\u00a0\u00a0 <strong>Poss\u00e9der: <\/strong>Il s&#8217;agit de ceux qui sont envoy\u00e9s \u00e0 l&#8217;\u00e9quipement terminal de l&#8217;utilisateur \u00e0 partir d&#8217;un ordinateur ou d&#8217;un domaine g\u00e9r\u00e9 par l&#8217;\u00e9diteur lui-m\u00eame et \u00e0 partir duquel le service demand\u00e9 par l&#8217;utilisateur est fourni<\/p>\n<p><strong>\u00a0\u00a0\u00a0\u00a0 De tiers : <\/strong>Il s&#8217;agit de ceux qui sont envoy\u00e9s \u00e0 l&#8217;\u00e9quipement terminal de l&#8217;utilisateur \u00e0 partir d&#8217;un ordinateur ou d&#8217;un domaine qui n&#8217;est pas g\u00e9r\u00e9 par l&#8217;\u00e9diteur, mais par une autre entit\u00e9 qui traite les donn\u00e9es obtenues par le biais des cookies<\/p>\n<ul>\n<li>TYPES DE COOKIES<\/li>\n<\/ul>\n<p>Afin que vous puissiez donner un consentement pleinement \u00e9clair\u00e9, voici une description de ce en quoi consiste chaque type de cookie et de ce qui est pr\u00e9vu<\/p>\n<p><strong>\u00a0\u00a0\u00a0\u00a0 Cookies techniques<\/strong> Ils permettent \u00e0 l&#8217;utilisateur de naviguer sur un site web, une plateforme ou une application et d&#8217;utiliser les diff\u00e9rentes options ou services qui y existent, y compris la gestion et l&#8217;exploitation du site web et d&#8217;activer ses fonctions et services, tels que, par exemple, l&#8217;identification de la session, l&#8217;acc\u00e8s \u00e0 des parties d&#8217;acc\u00e8s restreint,\u00a0 se souvenir des \u00e9l\u00e9ments qui composent une commande, effectuer le processus d&#8217;achat d&#8217;une commande, g\u00e9rer le paiement. Le site web ne peut pas fonctionner correctement sans ces cookies, ils sont donc consid\u00e9r\u00e9s comme n\u00e9cessaires et ne n\u00e9cessitent pas votre consentement. Toutefois, si ces cookies sont utilis\u00e9s \u00e0 des fins qui ne sont pas exempt\u00e9es du consentement (par exemple \u00e0 des fins de publicit\u00e9 comportementale), le consentement doit \u00eatre donn\u00e9 par l&#8217;utilisateur.<\/p>\n<p><strong>\u00a0\u00a0\u00a0\u00a0 Cookies de pr\u00e9f\u00e9rence<\/strong> ou <strong>personnalisation<\/strong> Ils permettent au site web de m\u00e9moriser des informations qui modifient le comportement ou l&#8217;apparence de la page afin que l&#8217;utilisateur acc\u00e8de au service avec certaines caract\u00e9ristiques qui peuvent diff\u00e9rencier ses choix d&#8217;utilisation du site web de ceux des autres utilisateurs, telles que la langue, le nombre de r\u00e9sultats \u00e0 afficher lorsque l&#8217;utilisateur effectue une recherche ou la r\u00e9gion dans laquelle se trouve l&#8217;utilisateur.<\/p>\n<p>Si c&#8217;est l&#8217;utilisateur lui-m\u00eame qui choisit ces caract\u00e9ristiques, par exemple en v\u00e9rifiant l&#8217;indicateur de langue, il est consid\u00e9r\u00e9 comme un service express\u00e9ment demand\u00e9 tant que les cookies ob\u00e9issent exclusivement \u00e0 l&#8217;objectif de personnalisation s\u00e9lectionn\u00e9. Ces cookies ne n\u00e9cessitent pas de consentement. Tant qu&#8217;ils ne peuvent pas \u00eatre utilis\u00e9s \u00e0 d&#8217;autres fins (comme, par exemple, la personnalisation de contenus publicitaires), ou pour cr\u00e9er un profil d&#8217;utilisateur.<\/p>\n<p><strong>\u00a0\u00a0\u00a0\u00a0 Cookies analytiques<\/strong> ou <strong>mesure<\/strong> Ce sont ceux qui nous permettent de comprendre comment les visiteurs interagissent avec les pages web et ainsi effectuer l&#8217;analyse statistique de l&#8217;utilisation faite par les utilisateurs du site web des services fournis. Les informations collect\u00e9es sont utilis\u00e9es pour mesurer l&#8217;activit\u00e9 des sites web ou de l&#8217;application afin d&#8217;introduire des am\u00e9liorations dans les produits et services propos\u00e9s par le responsable du traitement.<\/p>\n<p>Ils permettent de quantifier le nombre d&#8217;utilisateurs et ainsi d&#8217;effectuer la mesure et l&#8217;analyse statistique de l&#8217;utilisation faite par les utilisateurs du service propos\u00e9. \u00c0 cette fin, votre navigation sur le site web est analys\u00e9e afin d&#8217;am\u00e9liorer la gamme de produits ou de services que nous vous proposons.<\/p>\n<p><strong>\u00a0\u00a0\u00a0\u00a0 Marketing Cookies<\/strong> ou <strong>Publicit\u00e9 comportementale<\/strong> stocker des informations sur le comportement des utilisateurs obtenues par de l&#8217;observation continue de vos habitudes de navigation, ce qui vous permet de d\u00e9velopper un profil sp\u00e9cifique pour afficher des publicit\u00e9s pertinentes et attrayantes pour l&#8217;utilisateur individuel, et donc plus pr\u00e9cieuses pour les annonceurs tiers.<\/p>\n<ul>\n<li>TYPES DE COOKIES EN FONCTION DE LA P\u00c9RIODE PENDANT LAQUELLE ILS RESTENT ACTIFS<\/li>\n<\/ul>\n<p><strong>\u00a0<\/strong><\/p>\n<p><strong>\u00a0\u00a0\u00a0\u00a0 Cookies de session : <\/strong>Il s&#8217;agit de ceux con\u00e7us pour collecter et stocker des donn\u00e9es lorsque l&#8217;utilisateur acc\u00e8de \u00e0 un site web. Ils sont g\u00e9n\u00e9ralement utilis\u00e9s pour stocker des informations qui ne sont int\u00e9ressantes que pour la fourniture du service demand\u00e9 par l&#8217;utilisateur \u00e0 une seule occasion (par exemple, une liste de produits achet\u00e9s) et disparaissent \u00e0 la fin de la session.<\/p>\n<p><strong>\u00a0\u00a0\u00a0\u00a0 Cookies persistants : <\/strong>Il s&#8217;agit de ceux dans lesquels les donn\u00e9es sont encore stock\u00e9es sur le terminal et peuvent \u00eatre consult\u00e9es et trait\u00e9es pendant une p\u00e9riode d\u00e9finie par le responsable du cookie, qui peut aller de quelques minutes \u00e0 plusieurs ann\u00e9es.<\/p>\n<p>Ce site web utilise des cookies qui permettent le fonctionnement et la fourniture des services qui y sont propos\u00e9s. Nous utilisons des cookies et\/ou des technologies similaires qui stockent et r\u00e9cup\u00e8rent des informations lorsque vous naviguez. En g\u00e9n\u00e9ral, ces technologies peuvent servir \u00e0 des fins tr\u00e8s diverses, telles que vous reconna\u00eetre en tant qu&#8217;utilisateur, obtenir des informations sur vos habitudes de navigation ou personnaliser la fa\u00e7on dont le contenu est affich\u00e9. Nos utilisations sp\u00e9cifiques de ces technologies sont d\u00e9crites ci-dessous.<\/p>\n<p>POSS\u00c9DER<\/p>\n<table>\n<tbody>\n<tr>\n<td width=\"99\">\n<p><strong>TIPO<\/strong><\/p>\n<\/td>\n<td width=\"144\">\n<p><strong>NOMBRE<\/strong><\/p>\n<\/td>\n<td width=\"130\">\n<p><strong>FINALIDAD<\/strong><\/p>\n<\/td>\n<td width=\"107\">\n<p><strong>CADUCIDAD<\/strong><\/p>\n<\/td>\n<td width=\"163\">\n<p><strong>PROPIAS\/TERCEROS<\/strong><\/p>\n<\/td>\n<\/tr>\n<tr>\n<td width=\"99\">\n<p>TECNICA<\/p>\n<\/td>\n<td width=\"144\">\n<p>PrestaShop-$<\/p>\n<\/td>\n<td width=\"130\">\n<p>Almacenar informaci\u00f3n del usuario, contenido del carrito de compra y par\u00e1metros de configuraci\u00f3n.<\/p>\n<\/td>\n<td width=\"107\">\n<p>20 d\u00edas<\/p>\n<\/td>\n<td width=\"163\">\n<p>PROPIA<\/p>\n<\/td>\n<\/tr>\n<tr>\n<td width=\"99\">\n<p>TECNICA<\/p>\n<\/td>\n<td width=\"144\">\n<p>PHPSESSID<\/p>\n<\/td>\n<td width=\"130\">\n<p>Identificaci\u00f3n del usuario de la sesi\u00f3n a nivel interno.<\/p>\n<\/td>\n<td width=\"107\">\n<p>Sesi\u00f3n<\/p>\n<\/td>\n<td width=\"163\">\n<p>PROPIA<\/p>\n<\/td>\n<\/tr>\n<\/tbody>\n<\/table>\n<p>Pour les cookies analytiques et publicitaires, nous avons besoin de votre consentement, que nous pouvons obtenir si vous cliquez sur le bouton \u00ab J&#8217;accepte \u00bb dans le message d&#8217;information affich\u00e9 lorsque vous acc\u00e9dez \u00e0 notre site web.<\/p>\n<p>Si vous d\u00e9sactivez les cookies, vous pourrez toujours acc\u00e9der au site Web, mais la navigation peut ne pas \u00eatre optimale et certains des services propos\u00e9s peuvent ne pas fonctionner correctement.<\/p>\n<p>Vous pouvez autoriser, bloquer ou supprimer les cookies install\u00e9s sur votre appareil via le menu des param\u00e8tres de votre navigateur Internet, et vous pouvez le configurer pour bloquer les cookies ou alerter l&#8217;utilisateur lorsqu&#8217;un serveur souhaite les enregistrer. Les liens suivants fournissent des informations sur la mani\u00e8re de configurer et\/ou de d\u00e9sactiver les cookies pour chacun des principaux navigateurs du march\u00e9 afin que l&#8217;utilisateur puisse d\u00e9cider d&#8217;accepter ou non l&#8217;utilisation de cookies.<\/p>\n<ul>\n<li><a href=\"https:\/\/support.microsoft.com\/es-es\/help\/17442\/windows-internet-explorer-delete-manage-cookies\">Microsoft Edge<\/a>: Param\u00e8tres et plus&gt; Autorisations du site.<\/li>\n<li><a href=\"https:\/\/support.mozilla.org\/es\/kb\/habilitar-y-deshabilitar-cookies-sitios-web-rastrear-preferencias?redirectlocale=es&amp;redirectslug=habilitar-y-deshabilitar-cookies-que-los-sitios-we\">Firefox<\/a>: Menu Outils &gt; Options &gt; Confidentialit\u00e9 &gt; Cookies.<\/li>\n<li><a href=\"https:\/\/support.google.com\/accounts\/answer\/61416?hl=es\">Chrome<\/a>: menu Options &gt; Options avanc\u00e9es &gt; Confidentialit\u00e9.<\/li>\n<li><a href=\"https:\/\/support.apple.com\/es-es\/guide\/safari\/sfri11471\/mac\">Safari:<\/a> Menu Pr\u00e9f\u00e9rences\/Confidentialit\u00e9.<\/li>\n<li><a href=\"https:\/\/support.apple.com\/es-es\/HT201265\">Safari pour IOS<\/a> (iPhone et iPad) : R\u00e9glages Safari &gt;<\/li>\n<\/ul>\n<\/div><\/div><\/div><\/div><\/div><\/div><\/section>\n","protected":false},"excerpt":{"rendered":"Politique de cookies ATUNEROS FREEZERS Y TRANSPORTES FRIGORIFICOS SA informe de l&#8217;utilisation des cookies sur son site web : www.atunsa.com D\u00c9FINITION ET FONCTION G\u00c9N\u00c9RIQUE DES COOKIES Que sont les cookies ? Ce site Web utilise des cookies et\/ou des technologies similaires qui stockent et r\u00e9cup\u00e8rent des informations aupr\u00e8s de ceux qui naviguent sur notre site...","protected":false},"author":2,"featured_media":0,"parent":0,"menu_order":0,"comment_status":"closed","ping_status":"closed","template":"","meta":{"_acf_changed":false,"footnotes":""},"class_list":["post-1273","page","type-page","status-publish","hentry"],"acf":[],"_links":{"self":[{"href":"https:\/\/www.atunsa.com\/fr\/wp-json\/wp\/v2\/pages\/1273","targetHints":{"allow":["GET"]}}],"collection":[{"href":"https:\/\/www.atunsa.com\/fr\/wp-json\/wp\/v2\/pages"}],"about":[{"href":"https:\/\/www.atunsa.com\/fr\/wp-json\/wp\/v2\/types\/page"}],"author":[{"embeddable":true,"href":"https:\/\/www.atunsa.com\/fr\/wp-json\/wp\/v2\/users\/2"}],"replies":[{"embeddable":true,"href":"https:\/\/www.atunsa.com\/fr\/wp-json\/wp\/v2\/comments?post=1273"}],"version-history":[{"count":7,"href":"https:\/\/www.atunsa.com\/fr\/wp-json\/wp\/v2\/pages\/1273\/revisions"}],"predecessor-version":[{"id":1977,"href":"https:\/\/www.atunsa.com\/fr\/wp-json\/wp\/v2\/pages\/1273\/revisions\/1977"}],"wp:attachment":[{"href":"https:\/\/www.atunsa.com\/fr\/wp-json\/wp\/v2\/media?parent=1273"}],"curies":[{"name":"wp","href":"https:\/\/api.w.org\/{rel}","templated":true}]}}