{"id":1269,"date":"2022-10-28T06:44:26","date_gmt":"2022-10-28T06:44:26","guid":{"rendered":"https:\/\/www.atunsa.com\/clausula-para-el-formulario-web\/"},"modified":"2023-07-07T08:04:23","modified_gmt":"2023-07-07T08:04:23","slug":"clause-pour-le-formulaire-web","status":"publish","type":"page","link":"https:\/\/www.atunsa.com\/fr\/clause-pour-le-formulaire-web\/","title":{"rendered":"Clause pour le formulaire WEB"},"content":{"rendered":"<section class=\"l-section wpb_row us_custom_6df4bc3a has_text_color height_huge\"><div class=\"l-section-overlay\" style=\"background:#021f38\"><\/div><div class=\"l-section-h i-cf\"><div class=\"g-cols vc_row via_grid cols_1 laptops-cols_inherit tablets-cols_inherit mobiles-cols_1 valign_top type_default stacking_default\"><div class=\"wpb_column vc_column_container\"><div class=\"vc_column-inner\"><div class=\"wpb_text_column\"><div class=\"wpb_wrapper\"><p>Conform\u00e9ment \u00e0 la r\u00e9glementation en vigueur et applicable sur la protection des donn\u00e9es personnelles, nous vous informons que vos donn\u00e9es seront int\u00e9gr\u00e9es dans le syst\u00e8me de traitement appartenant \u00e0 ATUNEROS CONGELADORES Y TRANSPORTES FRIGORIFICOS SA avec CIF A48064018 et si\u00e8ge social \u00e0 POL\u00cdGONO INDUSTRIAL LANDABASO, B 48370, BERMEO (BIZKAIA), et que leurs objectifs respectifs, les p\u00e9riodes de conservation et les bases de l\u00e9gitimation sont \u00e9num\u00e9r\u00e9s ci-dessous. Pour les traitements qui le n\u00e9cessitent, l&#8217;\u00e9ventuelle \u00e9laboration de profils et de d\u00e9cisions automatis\u00e9es est \u00e9galement signal\u00e9e, ainsi que les \u00e9ventuels mandats et transferts internationaux qu&#8217;ATUNEROS CONGELADORES Y TRANSPORTES FRIGORIFICOS SA pr\u00e9voit d&#8217;effectuer\u00a0:<\/p>\n<p>\u2013 Finalit\u00e9 : R\u00e9pondre \u00e0 vos questions et\/ou demandes<br \/>\n\u2013 Dur\u00e9e de conservation : tant que le consentement donn\u00e9 est maintenu.<br \/>\n\u2013 Base l\u00e9gitime : Le consentement de l&#8217;int\u00e9ress\u00e9.<\/p>\n<p>Conform\u00e9ment aux droits conf\u00e9r\u00e9s par la r\u00e9glementation en vigueur et applicable en mati\u00e8re de protection des donn\u00e9es, vous pouvez exercer les droits d&#8217;acc\u00e8s, de rectification, de limitation de traitement, de suppression (&#8220;droit \u00e0 l&#8217;oubli&#8221;), de portabilit\u00e9 et d&#8217;opposition au traitement de vos donn\u00e9es personnelles ainsi que la r\u00e9vocation du consentement donn\u00e9 pour le traitement de celui-ci, en adressant votre demande \u00e0 l&#8217;adresse postale <strong>POL\u00cdGONO INDUSTRIAL LANDABASO, B 48370, BERMEO (BIZKAIA)<\/strong> ou \u00e0 l&#8217;e-mail atunsa@atunsa.com. Vous pouvez contacter l&#8217;autorit\u00e9 de contr\u00f4le comp\u00e9tente pour pr\u00e9senter la r\u00e9clamation que vous jugez appropri\u00e9e.<\/p>\n<p>Les donn\u00e9es identifi\u00e9es par une marque (*) sont comprises comme des champs obligatoires et obligatoires, par cons\u00e9quent, elles seront comprises comme n\u00e9cessaires pour entreprendre les finalit\u00e9s susmentionn\u00e9es.<\/p>\n<p>En envoyant le formulaire de collecte de donn\u00e9es, vous acceptez la <a href=\"https:\/\/www.atunsa.com\/fr\/politique-de-confidentialite\/\">politique de confidentialit\u00e9<\/a> d&#8217;<strong>ATUNEROS CONGELADORES Y TRANSPORTES FRIGORIFICOS SA.<\/strong><\/p>\n<\/div><\/div><\/div><\/div><\/div><\/div><\/section>\n","protected":false},"excerpt":{"rendered":"Conform\u00e9ment \u00e0 la r\u00e9glementation en vigueur et applicable sur la protection des donn\u00e9es personnelles, nous vous informons que vos donn\u00e9es seront int\u00e9gr\u00e9es dans le syst\u00e8me de traitement appartenant \u00e0 ATUNEROS CONGELADORES Y TRANSPORTES FRIGORIFICOS SA avec CIF A48064018 et si\u00e8ge social \u00e0 POL\u00cdGONO INDUSTRIAL LANDABASO, B 48370, BERMEO (BIZKAIA), et que leurs objectifs respectifs, les...","protected":false},"author":2,"featured_media":0,"parent":0,"menu_order":0,"comment_status":"closed","ping_status":"closed","template":"","meta":{"_acf_changed":false,"footnotes":""},"class_list":["post-1269","page","type-page","status-publish","hentry"],"acf":[],"_links":{"self":[{"href":"https:\/\/www.atunsa.com\/fr\/wp-json\/wp\/v2\/pages\/1269","targetHints":{"allow":["GET"]}}],"collection":[{"href":"https:\/\/www.atunsa.com\/fr\/wp-json\/wp\/v2\/pages"}],"about":[{"href":"https:\/\/www.atunsa.com\/fr\/wp-json\/wp\/v2\/types\/page"}],"author":[{"embeddable":true,"href":"https:\/\/www.atunsa.com\/fr\/wp-json\/wp\/v2\/users\/2"}],"replies":[{"embeddable":true,"href":"https:\/\/www.atunsa.com\/fr\/wp-json\/wp\/v2\/comments?post=1269"}],"version-history":[{"count":8,"href":"https:\/\/www.atunsa.com\/fr\/wp-json\/wp\/v2\/pages\/1269\/revisions"}],"predecessor-version":[{"id":1530,"href":"https:\/\/www.atunsa.com\/fr\/wp-json\/wp\/v2\/pages\/1269\/revisions\/1530"}],"wp:attachment":[{"href":"https:\/\/www.atunsa.com\/fr\/wp-json\/wp\/v2\/media?parent=1269"}],"curies":[{"name":"wp","href":"https:\/\/api.w.org\/{rel}","templated":true}]}}