{"id":1233,"date":"2022-09-26T06:05:34","date_gmt":"2022-09-26T06:05:34","guid":{"rendered":"https:\/\/www.atunsa.com\/sobre-atunsa\/"},"modified":"2023-03-06T11:16:23","modified_gmt":"2023-03-06T11:16:23","slug":"a-propos-datunsa","status":"publish","type":"page","link":"https:\/\/www.atunsa.com\/fr\/a-propos-datunsa\/","title":{"rendered":"\u00c0 propos d\u2019ATUNSA"},"content":{"rendered":"<section class=\"l-section wpb_row hide_on_tablets hide_on_mobiles height_large width_full color_primary with_video\"><div id=\"us_bg_video_z311\" class=\"l-section-video\"><script id=\"us_bg_video_z311-script\">!function(w){var node = document.getElementById( 'us_bg_video_z311' );if ( w.innerWidth <= 1024 ) { node.remove() }}(window);<\/script><style>@media(max-width:1024px){#us_bg_video_z311{display:none!important}}<\/style><video  autoplay loop muted playsinline preload=\"auto\" tabindex=\"-1\"><source type=\"video\/mp4\" src=\"https:\/\/www.atunsa.com\/wp-content\/uploads\/2022\/10\/zuberoa-trim_cYhGJrEy.mp4\" \/><\/video><\/div><div class=\"l-section-overlay\" style=\"background:rgba(26,26,26,0.50)\"><\/div><div class=\"l-section-h i-cf\"><div class=\"g-cols vc_row via_grid cols_1 laptops-cols_inherit tablets-cols_inherit mobiles-cols_1 valign_top type_default stacking_default\"><div class=\"wpb_column vc_column_container\"><div class=\"vc_column-inner\"><div class=\"w-separator size_medium\"><\/div><\/div><\/div><\/div><\/div><\/section><section class=\"l-section wpb_row hide_on_default hide_on_laptops height_large width_full color_primary with_video\" id=\"m\u00f3vil\"><div id=\"us_bg_video_b865\" class=\"l-section-video\"><script id=\"us_bg_video_b865-script\">!function(w){var node = document.getElementById( 'us_bg_video_b865' );if ( w.innerWidth <= 1024 ) { node.remove() }}(window);<\/script><style>@media(max-width:1024px){#us_bg_video_b865{display:none!important}}<\/style><video  autoplay loop muted playsinline preload=\"auto\" tabindex=\"-1\"><source type=\"video\/mp4\" src=\"https:\/\/www.atunsa.com\/wp-content\/uploads\/2022\/10\/zuberoa-trim_cYhGJrEy.mp4\" \/><\/video><\/div><div class=\"l-section-overlay\" style=\"background:rgba(26,26,26,0.50)\"><\/div><div class=\"l-section-h i-cf\"><div class=\"g-cols vc_row via_grid cols_1 laptops-cols_inherit tablets-cols_inherit mobiles-cols_1 valign_top type_default stacking_default\"><div class=\"wpb_column vc_column_container\"><div class=\"vc_column-inner\"><\/div><\/div><\/div><\/div><\/section><section class=\"l-section wpb_row us_custom_6df4bc3a has_text_color height_medium\"><div class=\"l-section-overlay\" style=\"background:#021f38\"><\/div><div class=\"l-section-h i-cf\"><div class=\"g-cols vc_row via_grid cols_2 laptops-cols_inherit tablets-cols_inherit mobiles-cols_1 valign_top type_default stacking_default\"><div class=\"wpb_column vc_column_container us_custom_7e20fa79 us_animate_this\"><div class=\"vc_column-inner\"><div class=\"w-separator size_medium\"><\/div><div class=\"wpb_text_column us_custom_06eeafb0 has_text_color\"><div class=\"wpb_wrapper\"><h2>\u00c0 propos d\u2019ATUNSA<\/h2>\n<\/div><\/div><div class=\"wpb_text_column\"><div class=\"wpb_wrapper\"><p class=\"v1MsoPlainText\">ATUNSA est une entreprise familiale fond\u00e9e en 1972 qui se consacre \u00e0 la p\u00eache au thon tropical depuis 1963, initialement avec des canneurs et aujourd&#8217;hui avec des thoniers senneurs cong\u00e9lateurs.<\/p>\n<p class=\"v1MsoPlainText\">L&#8217;exp\u00e9rience et les connaissances cumul\u00e9es au cours de toutes ces ann\u00e9es ainsi que la modernisation et l&#8217;innovation de sa flotte a permis \u00e0 ATUNSA de d\u00e9velopper une p\u00eache responsable et durable afin de fournir un produit de la plus haute qualit\u00e9 sur tous les march\u00e9s mondiaux.<\/p>\n<\/div><\/div><div class=\"w-separator size_custom\" style=\"height:10px\"><\/div><div class=\"w-btn-wrapper align_none\"><a class=\"w-btn us-btn-style_1\" href=\"https:\/\/www.atunsa.com\/code-of-conduct-atunsa\/\"><span class=\"w-btn-label\">Code de conduite d&#8217;ATUNSA<\/span><\/a><\/div><\/div><\/div><div class=\"wpb_column vc_column_container us_custom_47474b22 us_animate_this\"><div class=\"vc_column-inner\"><div class=\"w-image align_none\"><div class=\"w-image-h\"><img decoding=\"async\" width=\"1024\" height=\"711\" src=\"https:\/\/www.atunsa.com\/wp-content\/uploads\/2022\/10\/Antiguas-1-1024x711.jpg\" class=\"attachment-large size-large\" alt=\"\" loading=\"lazy\" srcset=\"https:\/\/www.atunsa.com\/wp-content\/uploads\/2022\/10\/Antiguas-1-1024x711.jpg 1024w, https:\/\/www.atunsa.com\/wp-content\/uploads\/2022\/10\/Antiguas-1-300x208.jpg 300w\" sizes=\"auto, (max-width: 1024px) 100vw, 1024px\" \/><\/div><\/div><\/div><\/div><\/div><\/div><\/section><section class=\"l-section wpb_row us_custom_6df4bc3a has_text_color height_large\"><div class=\"l-section-overlay\" style=\"background:#021f38\"><\/div><div class=\"l-section-h i-cf\"><div class=\"g-cols vc_row via_grid cols_1 laptops-cols_inherit tablets-cols_inherit mobiles-cols_1 valign_top type_default stacking_default\"><div class=\"wpb_column vc_column_container us_custom_7e20fa79 us_animate_this\"><div class=\"vc_column-inner\"><div class=\"w-separator size_medium\"><\/div><\/div><\/div><\/div><\/div><\/section>\n","protected":false},"excerpt":{"rendered":"\u00c0 propos d\u2019ATUNSA ATUNSA est une entreprise familiale fond\u00e9e en 1972 qui se consacre \u00e0 la p\u00eache au thon tropical depuis 1963, initialement avec des canneurs et aujourd&#8217;hui avec des thoniers senneurs cong\u00e9lateurs. L&#8217;exp\u00e9rience et les connaissances cumul\u00e9es au cours de toutes ces ann\u00e9es ainsi que la modernisation et l&#8217;innovation de sa flotte a permis...","protected":false},"author":2,"featured_media":0,"parent":0,"menu_order":0,"comment_status":"closed","ping_status":"closed","template":"","meta":{"_acf_changed":false,"footnotes":""},"class_list":["post-1233","page","type-page","status-publish","hentry"],"acf":[],"_links":{"self":[{"href":"https:\/\/www.atunsa.com\/fr\/wp-json\/wp\/v2\/pages\/1233","targetHints":{"allow":["GET"]}}],"collection":[{"href":"https:\/\/www.atunsa.com\/fr\/wp-json\/wp\/v2\/pages"}],"about":[{"href":"https:\/\/www.atunsa.com\/fr\/wp-json\/wp\/v2\/types\/page"}],"author":[{"embeddable":true,"href":"https:\/\/www.atunsa.com\/fr\/wp-json\/wp\/v2\/users\/2"}],"replies":[{"embeddable":true,"href":"https:\/\/www.atunsa.com\/fr\/wp-json\/wp\/v2\/comments?post=1233"}],"version-history":[{"count":6,"href":"https:\/\/www.atunsa.com\/fr\/wp-json\/wp\/v2\/pages\/1233\/revisions"}],"predecessor-version":[{"id":1393,"href":"https:\/\/www.atunsa.com\/fr\/wp-json\/wp\/v2\/pages\/1233\/revisions\/1393"}],"wp:attachment":[{"href":"https:\/\/www.atunsa.com\/fr\/wp-json\/wp\/v2\/media?parent=1233"}],"curies":[{"name":"wp","href":"https:\/\/api.w.org\/{rel}","templated":true}]}}