{"id":1230,"date":"2021-08-20T07:35:04","date_gmt":"2021-08-20T07:35:04","guid":{"rendered":"https:\/\/www.atunsa.com\/pagina-ejemplo\/"},"modified":"2023-02-14T10:57:41","modified_gmt":"2023-02-14T10:57:41","slug":"pagina-ejemplo","status":"publish","type":"page","link":"https:\/\/www.atunsa.com\/fr\/","title":{"rendered":"Accueil"},"content":{"rendered":"<section class=\"l-section wpb_row height_auto width_full\"><div class=\"l-section-h i-cf\"><div class=\"g-cols vc_row via_grid cols_1 laptops-cols_inherit tablets-cols_inherit mobiles-cols_1 valign_top type_default stacking_default\"><div class=\"wpb_column vc_column_container\"><div class=\"vc_column-inner\">\n\t\t\t<!-- START Slider 1 1 REVOLUTION SLIDER 6.7.41 --><p class=\"rs-p-wp-fix\"><\/p>\n\t\t\t<rs-module-wrap id=\"rev_slider_2_1_wrapper\" data-source=\"gallery\" style=\"visibility:hidden;background:transparent;padding:0;\">\n\t\t\t\t<rs-module id=\"rev_slider_2_1\" style=\"\" data-version=\"6.7.41\">\n\t\t\t\t\t<rs-slides style=\"overflow: hidden; position: absolute;\">\n\t\t\t\t\t\t<rs-slide style=\"position: absolute;\" data-key=\"rs-14\" data-title=\"Conocenos\" data-anim=\"adpr:false;\" data-in=\"o:0;\" data-out=\"a:false;\">\n\t\t\t\t\t\t\t<img decoding=\"async\" src=\"\/\/www.atunsa.com\/wp-content\/plugins\/revslider\/sr6\/assets\/assets\/dummy.png\" alt=\"\" title=\"Inicio_142.jpeg\" width=\"1920\" height=\"1080\" class=\"rev-slidebg tp-rs-img rs-lazyload\" data-lazyload=\"\/\/www.atunsa.com\/wp-content\/uploads\/revslider\/video-media\/Inicio_142.jpeg\" data-no-retina>\n\t\t\t\t\t\t\t<rs-bgvideo \n\t\t\t\t\t\t\t\tdata-video=\"w:100%;h:100%;nse:false;rwd:false;l:true;ptimer:false;vfc:true;\"\n\t\t\t\t\t\t\t\tdata-mp4=\"\/\/www.atunsa.com\/wp-content\/uploads\/2023\/01\/Inicio.mp4\"\n\t\t\t\t\t\t\t><\/rs-bgvideo>\n<!---->\t\t\t\t\t<\/rs-slide>\n\t\t\t\t\t<\/rs-slides>\n\t\t\t\t<\/rs-module>\n\t\t\t\t<script>\n\t\t\t\t\tsetREVStartSize({c: 'rev_slider_2_1',rl:[1240,1024,778,480],el:[1200,768,960,720],gw:[1250,1024,778,480],gh:[1200,900,800,600],type:'standard',justify:'',layout:'fullscreen',offsetContainer:'',offset:'',mh:\"0\"});if (window.RS_MODULES!==undefined && window.RS_MODULES.modules!==undefined && window.RS_MODULES.modules[\"revslider21\"]!==undefined) {window.RS_MODULES.modules[\"revslider21\"].once = false;window.revapi2 = undefined;if (window.RS_MODULES.checkMinimal!==undefined) window.RS_MODULES.checkMinimal()}\n\t\t\t\t<\/script>\n\t\t\t<\/rs-module-wrap>\n\t\t\t<!-- END REVOLUTION SLIDER -->\n<\/div><\/div><\/div><\/div><\/section><section class=\"l-section wpb_row us_custom_c5343279 has_text_color us_animate_this height_auto\" id=\"first\"><div class=\"l-section-overlay\" style=\"background:#021f38\"><\/div><div class=\"l-section-h i-cf\"><div class=\"g-cols vc_row via_grid cols_1 laptops-cols_inherit tablets-cols_inherit mobiles-cols_1 valign_top type_default stacking_default\"><div class=\"wpb_column vc_column_container us_custom_2a379a61 has_text_color us_animate_this\"><div class=\"vc_column-inner\"><div class=\"g-cols wpb_row us_custom_3d61c2e1 has_text_color us_animate_this via_grid cols_4 laptops-cols_inherit tablets-cols_inherit mobiles-cols_1 valign_top type_default stacking_default\" style=\"--columns-gap:3rem;\"><div class=\"wpb_column vc_column_container\"><div class=\"vc_column-inner\"><div class=\"w-iconbox iconpos_top style_default color_primary align_center icontype_img\"><div class=\"w-iconbox-icon\" style=\"font-size:8rem;\"><img loading=\"lazy\" decoding=\"async\" width=\"642\" height=\"624\" src=\"https:\/\/www.atunsa.com\/wp-content\/uploads\/2022\/10\/IDI.png\" class=\"attachment-full size-full\" alt=\"\" srcset=\"https:\/\/www.atunsa.com\/wp-content\/uploads\/2022\/10\/IDI.png 642w, https:\/\/www.atunsa.com\/wp-content\/uploads\/2022\/10\/IDI-300x292.png 300w\" sizes=\"auto, (max-width: 642px) 100vw, 642px\" \/><\/div><div class=\"w-iconbox-meta\"><h4 class=\"w-iconbox-title\" style=\"font-size:21px;\">7 navires thoniers cong\u00e9lateurs<\/h4><div class=\"w-iconbox-text\"><p>Avec les derni\u00e8res technologies en mati\u00e8re d&#8217;efficacit\u00e9 \u00e9nerg\u00e9tique et de capacit\u00e9 de cong\u00e9lation.<\/p>\n<\/div><\/div><\/div><\/div><\/div><div class=\"wpb_column vc_column_container\"><div class=\"vc_column-inner\"><div class=\"w-iconbox iconpos_top style_default color_primary align_center icontype_img\"><div class=\"w-iconbox-icon\" style=\"font-size:8rem;\"><img loading=\"lazy\" decoding=\"async\" width=\"638\" height=\"611\" src=\"https:\/\/www.atunsa.com\/wp-content\/uploads\/2022\/04\/atun-aleta-azul-1024x619-1.png\" class=\"attachment-full size-full\" alt=\"\" srcset=\"https:\/\/www.atunsa.com\/wp-content\/uploads\/2022\/04\/atun-aleta-azul-1024x619-1.png 638w, https:\/\/www.atunsa.com\/wp-content\/uploads\/2022\/04\/atun-aleta-azul-1024x619-1-300x287.png 300w\" sizes=\"auto, (max-width: 638px) 100vw, 638px\" \/><\/div><div class=\"w-iconbox-meta\"><h4 class=\"w-iconbox-title\" style=\"font-size:21px;\">P\u00eache responsable<\/h4><div class=\"w-iconbox-text\"><p>Ax\u00e9e sur la pr\u00e9servation des ressources.<\/p>\n<\/div><\/div><\/div><\/div><\/div><div class=\"wpb_column vc_column_container\"><div class=\"vc_column-inner\"><div class=\"w-iconbox iconpos_top style_default color_primary align_center icontype_img\"><div class=\"w-iconbox-icon\" style=\"font-size:8rem;\"><img loading=\"lazy\" decoding=\"async\" width=\"638\" height=\"611\" src=\"https:\/\/www.atunsa.com\/wp-content\/uploads\/2022\/11\/atun-aleta-azul-1024x619-1.png\" class=\"attachment-full size-full\" alt=\"\" srcset=\"https:\/\/www.atunsa.com\/wp-content\/uploads\/2022\/11\/atun-aleta-azul-1024x619-1.png 638w, https:\/\/www.atunsa.com\/wp-content\/uploads\/2022\/11\/atun-aleta-azul-1024x619-1-300x287.png 300w\" sizes=\"auto, (max-width: 638px) 100vw, 638px\" \/><\/div><div class=\"w-iconbox-meta\"><h4 class=\"w-iconbox-title\" style=\"font-size:21px;\">Respect de l\u2019environnement<\/h4><div class=\"w-iconbox-text\"><p>Notre activit\u00e9 est r\u00e9gie par la r\u00e9glementation UE en mati\u00e8re de p\u00eache.<\/p>\n<\/div><\/div><\/div><\/div><\/div><div class=\"wpb_column vc_column_container\"><div class=\"vc_column-inner\"><div class=\"w-iconbox iconpos_top style_default color_primary align_center icontype_img\"><div class=\"w-iconbox-icon\" style=\"font-size:12rem;\"><img loading=\"lazy\" decoding=\"async\" width=\"1027\" height=\"658\" src=\"https:\/\/www.atunsa.com\/wp-content\/uploads\/2023\/01\/IDi.png\" class=\"attachment-full size-full\" alt=\"\" srcset=\"https:\/\/www.atunsa.com\/wp-content\/uploads\/2023\/01\/IDi.png 1027w, https:\/\/www.atunsa.com\/wp-content\/uploads\/2023\/01\/IDi-300x192.png 300w, https:\/\/www.atunsa.com\/wp-content\/uploads\/2023\/01\/IDi-1024x656.png 1024w\" sizes=\"auto, (max-width: 1027px) 100vw, 1027px\" \/><\/div><div class=\"w-iconbox-meta\"><h4 class=\"w-iconbox-title\" style=\"font-size:21px;\">R&amp;D + innovation<\/h4><div class=\"w-iconbox-text\"><p>Nous participons \u00e0 des projets en collaboration avec AZTI et l&#8217;Institut Espagnol Oc\u00e9anographique espagnol (IEO).<\/p>\n<\/div><\/div><\/div><\/div><\/div><\/div><\/div><\/div><\/div><\/div><\/section>\n","protected":false},"excerpt":{"rendered":"7 navires thoniers cong\u00e9lateursAvec les derni\u00e8res technologies en mati\u00e8re d'efficacit\u00e9 \u00e9nerg\u00e9tique et de capacit\u00e9 de cong\u00e9lation. P\u00eache responsableAx\u00e9e sur la pr\u00e9servation des ressources. Respect de l\u2019environnementNotre activit\u00e9 est r\u00e9gie par la r\u00e9glementation UE en mati\u00e8re de p\u00eache. R&amp;D + innovationNous participons \u00e0 des projets en collaboration avec AZTI et l'Institut Espagnol Oc\u00e9anographique espagnol (IEO).","protected":false},"author":1,"featured_media":0,"parent":0,"menu_order":0,"comment_status":"closed","ping_status":"open","template":"","meta":{"_acf_changed":false,"footnotes":""},"class_list":["post-1230","page","type-page","status-publish","hentry"],"acf":[],"_links":{"self":[{"href":"https:\/\/www.atunsa.com\/fr\/wp-json\/wp\/v2\/pages\/1230","targetHints":{"allow":["GET"]}}],"collection":[{"href":"https:\/\/www.atunsa.com\/fr\/wp-json\/wp\/v2\/pages"}],"about":[{"href":"https:\/\/www.atunsa.com\/fr\/wp-json\/wp\/v2\/types\/page"}],"author":[{"embeddable":true,"href":"https:\/\/www.atunsa.com\/fr\/wp-json\/wp\/v2\/users\/1"}],"replies":[{"embeddable":true,"href":"https:\/\/www.atunsa.com\/fr\/wp-json\/wp\/v2\/comments?post=1230"}],"version-history":[{"count":2,"href":"https:\/\/www.atunsa.com\/fr\/wp-json\/wp\/v2\/pages\/1230\/revisions"}],"predecessor-version":[{"id":1232,"href":"https:\/\/www.atunsa.com\/fr\/wp-json\/wp\/v2\/pages\/1230\/revisions\/1232"}],"wp:attachment":[{"href":"https:\/\/www.atunsa.com\/fr\/wp-json\/wp\/v2\/media?parent=1230"}],"curies":[{"name":"wp","href":"https:\/\/api.w.org\/{rel}","templated":true}]}}